{"id":1268,"date":"2023-10-15T10:13:43","date_gmt":"2023-10-15T08:13:43","guid":{"rendered":"https:\/\/lea-hoffmann.de\/?page_id=1268"},"modified":"2025-09-02T17:30:51","modified_gmt":"2025-09-02T15:30:51","slug":"crash","status":"publish","type":"page","link":"https:\/\/lea-hoffmann.de\/index.php\/projects\/crash\/","title":{"rendered":"CRASH \/ since 2024"},"content":{"rendered":"\n<div class=\"wp-block-media-text alignwide is-stacked-on-mobile\"><figure class=\"wp-block-media-text__media\"><img loading=\"lazy\" decoding=\"async\" width=\"1024\" height=\"683\" src=\"http:\/\/lea-hoffmann.de\/wp-content\/uploads\/2024\/06\/IMG_8845_c-1024x683.jpg\" alt=\"\" class=\"wp-image-1370 size-full\" srcset=\"https:\/\/lea-hoffmann.de\/wp-content\/uploads\/2024\/06\/IMG_8845_c-1024x683.jpg 1024w, https:\/\/lea-hoffmann.de\/wp-content\/uploads\/2024\/06\/IMG_8845_c-300x200.jpg 300w, https:\/\/lea-hoffmann.de\/wp-content\/uploads\/2024\/06\/IMG_8845_c-768x512.jpg 768w, https:\/\/lea-hoffmann.de\/wp-content\/uploads\/2024\/06\/IMG_8845_c-1536x1024.jpg 1536w, https:\/\/lea-hoffmann.de\/wp-content\/uploads\/2024\/06\/IMG_8845_c-2048x1365.jpg 2048w\" sizes=\"auto, (max-width: 1024px) 100vw, 1024px\" \/><\/figure><div class=\"wp-block-media-text__content\">\n<p>n\u00e4chster Spieltermin: <\/p>\n\n\n\n<p><strong>Kritischer Mediziner*innen-Kongress<\/strong><\/p>\n\n\n\n<p>Berlin,<\/p>\n\n\n\n<p>30.10.2025 mehr Infos folgen.<\/p>\n<\/div><\/div>\n\n\n\n<p><strong>\/\/deutsch\/\/<\/strong><\/p>\n\n\n\n<p><strong>CRASH <\/strong>&#8211; <strong>Feministische Theaterperformance \u00fcber Post-Covid,<br>ME\/CFS und das Gesundheitssystem<\/strong><\/p>\n\n\n\n<p>Die Pandemie ist vorbei. Und wir sind einfach wieder losgerannt. Aber<br>nicht alle: Millionen Menschen weltweit sind liegengeblieben und<br>schaffen es nicht mehr aufzustehen. Durch ihre abgedunkelten Fenster<br>h\u00f6ren sie deutlich den L\u00e4rm des pausenlosen Wettrennens. F\u00fcr einen<br>Abend halten wir inne und blicken aus ihren Augen auf das Treiben<br>drau\u00dfen. In einem besonderen Mix aus absurdem Labor und anatomi<br>schem Theater sezieren zwei Performerinnen und eine Musikerin den<br>Umgang mit einer scheinbar neuen Krankheit. Schonungslos fordern<br>sie die m\u00e4nnlich dominierte Fachmedizin heraus und fragen sich, wa<br>rum eigentlich besonders Menschen mit Geb\u00e4rmutter von postviralen<br>Erkrankungen wie Post-Covid betroffen sind.<\/p>\n\n\n\n<p><strong>HINWEIS: Das St\u00fcck soll \u00fcber die Situation von ME\/CFS- und Post-Covid-Betroffenen aufkl\u00e4ren und richtet sich daher in erster Linie an Nicht-Betroffene. Sounds und Musik sind Teil des St\u00fccks. F\u00fcr Menschen mit Reizempfindlichkeit ist es ggf. nicht geeignet.<\/strong><\/p>\n\n\n\n<p>Dauer:&nbsp; ca. 90 min.<br>Altersfreigabe: 12 Jahre<\/p>\n\n\n\n<p><strong>Wir bedanken uns bei allen Post-Covid, Post-Vac und ME\/CFS betroffenen Menschen, die uns f\u00fcr Interviews und Audioaufnahmen ihre Zeit und Energie geschenkt haben. Vielen Dank f\u00fcr eure Unterst\u00fctzung!<\/strong><\/p>\n\n\n\n<figure class=\"wp-block-image size-large\"><img loading=\"lazy\" decoding=\"async\" width=\"1024\" height=\"683\" src=\"http:\/\/lea-hoffmann.de\/wp-content\/uploads\/2024\/06\/IMG_8910_NR-1-1024x683.jpg\" alt=\"\" class=\"wp-image-1380\" srcset=\"https:\/\/lea-hoffmann.de\/wp-content\/uploads\/2024\/06\/IMG_8910_NR-1-1024x683.jpg 1024w, https:\/\/lea-hoffmann.de\/wp-content\/uploads\/2024\/06\/IMG_8910_NR-1-300x200.jpg 300w, https:\/\/lea-hoffmann.de\/wp-content\/uploads\/2024\/06\/IMG_8910_NR-1-768x512.jpg 768w, https:\/\/lea-hoffmann.de\/wp-content\/uploads\/2024\/06\/IMG_8910_NR-1-1536x1024.jpg 1536w, https:\/\/lea-hoffmann.de\/wp-content\/uploads\/2024\/06\/IMG_8910_NR-1-2048x1365.jpg 2048w\" sizes=\"auto, (max-width: 1024px) 100vw, 1024px\" \/><\/figure>\n\n\n\n<figure class=\"wp-block-image size-large\"><img loading=\"lazy\" decoding=\"async\" width=\"1024\" height=\"683\" src=\"http:\/\/lea-hoffmann.de\/wp-content\/uploads\/2024\/06\/IMG_8815-1024x683.jpg\" alt=\"\" class=\"wp-image-1365\" srcset=\"https:\/\/lea-hoffmann.de\/wp-content\/uploads\/2024\/06\/IMG_8815-1024x683.jpg 1024w, https:\/\/lea-hoffmann.de\/wp-content\/uploads\/2024\/06\/IMG_8815-300x200.jpg 300w, https:\/\/lea-hoffmann.de\/wp-content\/uploads\/2024\/06\/IMG_8815-768x512.jpg 768w, https:\/\/lea-hoffmann.de\/wp-content\/uploads\/2024\/06\/IMG_8815-1536x1024.jpg 1536w, https:\/\/lea-hoffmann.de\/wp-content\/uploads\/2024\/06\/IMG_8815-2048x1365.jpg 2048w\" sizes=\"auto, (max-width: 1024px) 100vw, 1024px\" \/><\/figure>\n\n\n\n<figure class=\"wp-block-image size-large\"><img loading=\"lazy\" decoding=\"async\" width=\"1024\" height=\"683\" src=\"http:\/\/lea-hoffmann.de\/wp-content\/uploads\/2024\/06\/IMG_8826-1024x683.jpg\" alt=\"Crash-Theater\" class=\"wp-image-1367\" srcset=\"https:\/\/lea-hoffmann.de\/wp-content\/uploads\/2024\/06\/IMG_8826-1024x683.jpg 1024w, https:\/\/lea-hoffmann.de\/wp-content\/uploads\/2024\/06\/IMG_8826-300x200.jpg 300w, https:\/\/lea-hoffmann.de\/wp-content\/uploads\/2024\/06\/IMG_8826-768x512.jpg 768w, https:\/\/lea-hoffmann.de\/wp-content\/uploads\/2024\/06\/IMG_8826-1536x1024.jpg 1536w, https:\/\/lea-hoffmann.de\/wp-content\/uploads\/2024\/06\/IMG_8826-2048x1365.jpg 2048w\" sizes=\"auto, (max-width: 1024px) 100vw, 1024px\" \/><\/figure>\n\n\n\n<figure class=\"wp-block-image size-large\"><img loading=\"lazy\" decoding=\"async\" width=\"1024\" height=\"683\" src=\"https:\/\/lea-hoffmann.de\/wp-content\/uploads\/2024\/06\/IMG_8884-1-1024x683.jpg\" alt=\"\" class=\"wp-image-1378\" srcset=\"https:\/\/lea-hoffmann.de\/wp-content\/uploads\/2024\/06\/IMG_8884-1-1024x683.jpg 1024w, https:\/\/lea-hoffmann.de\/wp-content\/uploads\/2024\/06\/IMG_8884-1-300x200.jpg 300w, https:\/\/lea-hoffmann.de\/wp-content\/uploads\/2024\/06\/IMG_8884-1-768x512.jpg 768w, https:\/\/lea-hoffmann.de\/wp-content\/uploads\/2024\/06\/IMG_8884-1-1536x1024.jpg 1536w, https:\/\/lea-hoffmann.de\/wp-content\/uploads\/2024\/06\/IMG_8884-1-2048x1365.jpg 2048w\" sizes=\"auto, (max-width: 1024px) 100vw, 1024px\" \/><\/figure>\n\n\n\n<figure class=\"wp-block-embed is-type-video is-provider-vimeo wp-block-embed-vimeo wp-embed-aspect-16-9 wp-has-aspect-ratio\"><div class=\"wp-block-embed__wrapper\">\n<iframe loading=\"lazy\" title=\"CRASH - Trailer\" src=\"https:\/\/player.vimeo.com\/video\/964277006?dnt=1&amp;app_id=122963\" width=\"840\" height=\"473\" frameborder=\"0\" allow=\"autoplay; fullscreen; picture-in-picture; clipboard-write; encrypted-media; web-share\" referrerpolicy=\"strict-origin-when-cross-origin\"><\/iframe>\n<\/div><\/figure>\n\n\n\n<p><strong>Idee, Projektbegleitung<\/strong>: Eva Hammann &amp; Philine Maidt (Betroffene von ME\/CFS)<\/p>\n\n\n\n<p><strong>k\u00fcnstlerische Leitung<\/strong>: Lea Hoffmann<\/p>\n\n\n\n<p><strong>vorherige Projektleitung<\/strong>: Billie Enders<\/p>\n\n\n\n<p><strong>Text:<\/strong> Nicolas Morgenroth<\/p>\n\n\n\n<p><strong>Dramaturgie:<\/strong> Nicolas Morgenroth &amp; Lea Hoffmann<\/p>\n\n\n\n<p><strong>Regie:<\/strong> Lea Hoffmann<\/p>\n\n\n\n<p><strong>Produktionsleitung<\/strong>: Stella Schimmele, zuvor: Sophia Scherer<\/p>\n\n\n\n<p><strong>Musik, Sounddesign<\/strong>: Lise Sutter<\/p>\n\n\n\n<p><strong>Schauspiel:<\/strong> Aziza Bouizedkane &amp; Francesca Menges<\/p>\n\n\n\n<p><strong>Outside Eye<\/strong>: Philine Maidt &amp; Billie Enders<\/p>\n\n\n\n<p><strong>Ausstattung<\/strong>: Anne Marx<\/p>\n\n\n\n<p><strong>\u00d6ffentlichkeitsarbeit\/Design:<\/strong> Kio Weck<\/p>\n\n\n\n<p><strong>Dokumentation<\/strong>: Simon Garbe<\/p>\n\n\n\n<p><\/p>\n\n\n\n<figure class=\"wp-block-image size-large is-resized\"><img loading=\"lazy\" decoding=\"async\" src=\"https:\/\/lea-hoffmann.de\/wp-content\/uploads\/2024\/04\/4fT_LOGO_A_2COL_TXT_RGB_15001-1024x524.jpg\" alt=\"\" class=\"wp-image-1346\" width=\"248\" height=\"127\" srcset=\"https:\/\/lea-hoffmann.de\/wp-content\/uploads\/2024\/04\/4fT_LOGO_A_2COL_TXT_RGB_15001-1024x524.jpg 1024w, https:\/\/lea-hoffmann.de\/wp-content\/uploads\/2024\/04\/4fT_LOGO_A_2COL_TXT_RGB_15001-300x153.jpg 300w, https:\/\/lea-hoffmann.de\/wp-content\/uploads\/2024\/04\/4fT_LOGO_A_2COL_TXT_RGB_15001-768x393.jpg 768w, https:\/\/lea-hoffmann.de\/wp-content\/uploads\/2024\/04\/4fT_LOGO_A_2COL_TXT_RGB_15001.jpg 1500w\" sizes=\"auto, (max-width: 248px) 100vw, 248px\" \/><\/figure>\n\n\n\n<p>mit der freundlichen Unterst\u00fctzung von 4fT-Tanzplattform Leipzig<\/p>\n\n\n\n<p>Gef\u00f6rdert durch: <\/p>\n\n\n\n<p><\/p>\n\n\n\n<figure class=\"wp-block-image size-large is-resized\"><img loading=\"lazy\" decoding=\"async\" src=\"https:\/\/lea-hoffmann.de\/wp-content\/uploads\/2024\/04\/LOGO-LostVoices-1-4278465515.jpg\" alt=\"\" class=\"wp-image-1348\" width=\"525\" height=\"84\" srcset=\"https:\/\/lea-hoffmann.de\/wp-content\/uploads\/2024\/04\/LOGO-LostVoices-1-4278465515.jpg 350w, https:\/\/lea-hoffmann.de\/wp-content\/uploads\/2024\/04\/LOGO-LostVoices-1-4278465515-300x48.jpg 300w\" sizes=\"auto, (max-width: 525px) 100vw, 525px\" \/><\/figure>\n\n\n\n<p>Die Lost Voices Stiftung setzt sich f\u00fcr die Aufkl\u00e4rung und<br>Erforschung von ME\/CFS ein. Daf\u00fcr nimmt sie Spenden an!<\/p>\n\n\n\n<p><\/p>\n\n\n\n<p><\/p>\n\n\n\n<figure class=\"wp-block-image size-large is-resized\"><img loading=\"lazy\" decoding=\"async\" src=\"https:\/\/lea-hoffmann.de\/wp-content\/uploads\/2024\/04\/stadt-leipzig-kulturamt-3982003897-1024x289-1.png\" alt=\"\" class=\"wp-image-1350\" width=\"442\" height=\"124\" srcset=\"https:\/\/lea-hoffmann.de\/wp-content\/uploads\/2024\/04\/stadt-leipzig-kulturamt-3982003897-1024x289-1.png 1024w, https:\/\/lea-hoffmann.de\/wp-content\/uploads\/2024\/04\/stadt-leipzig-kulturamt-3982003897-1024x289-1-300x85.png 300w, https:\/\/lea-hoffmann.de\/wp-content\/uploads\/2024\/04\/stadt-leipzig-kulturamt-3982003897-1024x289-1-768x217.png 768w\" sizes=\"auto, (max-width: 442px) 100vw, 442px\" \/><\/figure>\n\n\n\n<figure class=\"wp-block-image size-large is-resized\"><img loading=\"lazy\" decoding=\"async\" src=\"https:\/\/lea-hoffmann.de\/wp-content\/uploads\/2024\/04\/GLS_TH_Standard_mit_Rand-4117587661-1024x532.jpg\" alt=\"\" class=\"wp-image-1349\" width=\"561\" height=\"291\" srcset=\"https:\/\/lea-hoffmann.de\/wp-content\/uploads\/2024\/04\/GLS_TH_Standard_mit_Rand-4117587661-1024x532.jpg 1024w, https:\/\/lea-hoffmann.de\/wp-content\/uploads\/2024\/04\/GLS_TH_Standard_mit_Rand-4117587661-300x156.jpg 300w, https:\/\/lea-hoffmann.de\/wp-content\/uploads\/2024\/04\/GLS_TH_Standard_mit_Rand-4117587661-768x399.jpg 768w, https:\/\/lea-hoffmann.de\/wp-content\/uploads\/2024\/04\/GLS_TH_Standard_mit_Rand-4117587661.jpg 1214w\" sizes=\"auto, (max-width: 561px) 100vw, 561px\" \/><\/figure>\n","protected":false},"excerpt":{"rendered":"","protected":false},"author":1,"featured_media":0,"parent":312,"menu_order":1,"comment_status":"closed","ping_status":"closed","template":"","meta":{"footnotes":""},"class_list":["post-1268","page","type-page","status-publish","hentry"],"_links":{"self":[{"href":"https:\/\/lea-hoffmann.de\/index.php\/wp-json\/wp\/v2\/pages\/1268","targetHints":{"allow":["GET"]}}],"collection":[{"href":"https:\/\/lea-hoffmann.de\/index.php\/wp-json\/wp\/v2\/pages"}],"about":[{"href":"https:\/\/lea-hoffmann.de\/index.php\/wp-json\/wp\/v2\/types\/page"}],"author":[{"embeddable":true,"href":"https:\/\/lea-hoffmann.de\/index.php\/wp-json\/wp\/v2\/users\/1"}],"replies":[{"embeddable":true,"href":"https:\/\/lea-hoffmann.de\/index.php\/wp-json\/wp\/v2\/comments?post=1268"}],"version-history":[{"count":46,"href":"https:\/\/lea-hoffmann.de\/index.php\/wp-json\/wp\/v2\/pages\/1268\/revisions"}],"predecessor-version":[{"id":1496,"href":"https:\/\/lea-hoffmann.de\/index.php\/wp-json\/wp\/v2\/pages\/1268\/revisions\/1496"}],"up":[{"embeddable":true,"href":"https:\/\/lea-hoffmann.de\/index.php\/wp-json\/wp\/v2\/pages\/312"}],"wp:attachment":[{"href":"https:\/\/lea-hoffmann.de\/index.php\/wp-json\/wp\/v2\/media?parent=1268"}],"curies":[{"name":"wp","href":"https:\/\/api.w.org\/{rel}","templated":true}]}}