{"id":1522,"date":"2025-12-04T18:40:27","date_gmt":"2025-12-04T17:40:27","guid":{"rendered":"https:\/\/lea-hoffmann.de\/?page_id=1522"},"modified":"2025-12-04T19:46:36","modified_gmt":"2025-12-04T18:46:36","slug":"the-person-you-are-calling-at","status":"publish","type":"page","link":"https:\/\/lea-hoffmann.de\/","title":{"rendered":"THE PERSON YOU ARE CALLING&#8230;(AT)"},"content":{"rendered":"\n<figure class=\"wp-block-embed is-type-video is-provider-youtube wp-block-embed-youtube wp-embed-aspect-16-9 wp-has-aspect-ratio\"><div class=\"wp-block-embed__wrapper\">\n<iframe loading=\"lazy\" title=\"Teaser &quot;THE PERSON YOU ARE CALLING...&quot;\" width=\"840\" height=\"473\" src=\"https:\/\/www.youtube.com\/embed\/kS6k5RLKYYc?feature=oembed\" frameborder=\"0\" allow=\"accelerometer; autoplay; clipboard-write; encrypted-media; gyroscope; picture-in-picture; web-share\" referrerpolicy=\"strict-origin-when-cross-origin\" allowfullscreen><\/iframe>\n<\/div><\/figure>\n\n\n\n<p><strong>\/\/deutsch\/\/<\/strong><\/p>\n\n\n\n<p>Durch eine Kabelverbindung entspinnt sich ein Gespr\u00e4ch \u00fcber pers\u00f6nliche und politische<br>Unzul\u00e4nglichkeiten &#8211; erz\u00e4hlt durch Telefonmusik, queere Perspektiven und<br>weltschmerzlicher Partner*innenakrobatik.<br>Das Gewicht der anderen Person zu \u00fcbernehmen wird zum Versuch, in einer unendlich<br>traurigen Welt f\u00fcr einen kurzen Moment so etwas wie Selbstwirksamkeit zu sp\u00fcren.<br>Aus der Zukunft stolpern wir r\u00fcckw\u00e4rts in die Zeit, in der wir uns in besonderen<br>Telefonaten unsere heimlichen Weisheiten zufl\u00fcsterten, und finden \u00fcber Umwege zum<br>Kern unserer Beziehung.<br>Blue ist unser Zustand. Erwachsen geworden in einer Zeit, in der Hoffnungslosigkeit alles<br>einf\u00e4rbt \u2013 und trotzdem stellen wir diese Einsichten auf den Kopf.<br>Trotz allem bleibt da etwas, das will. Ein \u00dcberlebenstrieb, zart und trotzig. Vielleicht<br>sogar sch\u00f6n.<br>In einer Welt, die durch koloniale Machtaus\u00fcbung schon lange am Schmelzpunkt steht,<br>halten wir uns aneinander fest \u2013 nicht, weil wir m\u00fcssen, sondern weil es sich nach<br>M\u00f6glichkeit anf\u00fchlt.<\/p>\n\n\n\n<figure class=\"wp-block-image\" id=\"block-9048acd6-515e-48ad-944f-8c176aa4393d\"><img decoding=\"async\" src=\"http:\/\/lea-hoffmann.de\/wp-content\/uploads\/2025\/12\/photo_5_2025-11-06_21-42-16-1024x682.jpg\" alt=\"Dieses Bild hat ein leeres Alt-Attribut. Der Dateiname ist photo_5_2025-11-06_21-42-16-1024x682.jpg\"\/><\/figure>\n\n\n\n<p><strong>K\u00fcnstlerische Entwicklung &amp; Performance<\/strong>   Antonia R\u00f6del und Lea Hoffmann<br><strong>Fotos &amp; Video<\/strong>  Eva Eyrich<br><strong>Musik<\/strong> \u201eI\u2019m that guy\u201c by Agar Agar<\/p>\n\n\n\n<p><strong>Website:<\/strong> ponyclub-circus.de<br><strong>Instagram:<\/strong> @ponyclub_circus<\/p>\n","protected":false},"excerpt":{"rendered":"","protected":false},"author":1,"featured_media":0,"parent":1402,"menu_order":2,"comment_status":"closed","ping_status":"closed","template":"","meta":{"footnotes":""},"class_list":["post-1522","page","type-page","status-publish","hentry"],"_links":{"self":[{"href":"https:\/\/lea-hoffmann.de\/index.php\/wp-json\/wp\/v2\/pages\/1522","targetHints":{"allow":["GET"]}}],"collection":[{"href":"https:\/\/lea-hoffmann.de\/index.php\/wp-json\/wp\/v2\/pages"}],"about":[{"href":"https:\/\/lea-hoffmann.de\/index.php\/wp-json\/wp\/v2\/types\/page"}],"author":[{"embeddable":true,"href":"https:\/\/lea-hoffmann.de\/index.php\/wp-json\/wp\/v2\/users\/1"}],"replies":[{"embeddable":true,"href":"https:\/\/lea-hoffmann.de\/index.php\/wp-json\/wp\/v2\/comments?post=1522"}],"version-history":[{"count":14,"href":"https:\/\/lea-hoffmann.de\/index.php\/wp-json\/wp\/v2\/pages\/1522\/revisions"}],"predecessor-version":[{"id":1556,"href":"https:\/\/lea-hoffmann.de\/index.php\/wp-json\/wp\/v2\/pages\/1522\/revisions\/1556"}],"up":[{"embeddable":true,"href":"https:\/\/lea-hoffmann.de\/index.php\/wp-json\/wp\/v2\/pages\/1402"}],"wp:attachment":[{"href":"https:\/\/lea-hoffmann.de\/index.php\/wp-json\/wp\/v2\/media?parent=1522"}],"curies":[{"name":"wp","href":"https:\/\/api.w.org\/{rel}","templated":true}]}}