{"id":1562,"date":"2025-12-04T19:57:54","date_gmt":"2025-12-04T18:57:54","guid":{"rendered":"https:\/\/lea-hoffmann.de\/?page_id=1562"},"modified":"2025-12-04T19:57:54","modified_gmt":"2025-12-04T18:57:54","slug":"profi-training","status":"publish","type":"page","link":"https:\/\/lea-hoffmann.de\/index.php\/calendar\/teaching\/profi-training\/","title":{"rendered":"PROFI TRAINING"},"content":{"rendered":"\n<figure class=\"wp-block-image size-large\"><img loading=\"lazy\" decoding=\"async\" width=\"760\" height=\"1024\" src=\"http:\/\/lea-hoffmann.de\/wp-content\/uploads\/2022\/09\/LEA_152-760x1024.jpg\" alt=\"\" class=\"wp-image-1085\" srcset=\"https:\/\/lea-hoffmann.de\/wp-content\/uploads\/2022\/09\/LEA_152-760x1024.jpg 760w, https:\/\/lea-hoffmann.de\/wp-content\/uploads\/2022\/09\/LEA_152-223x300.jpg 223w, https:\/\/lea-hoffmann.de\/wp-content\/uploads\/2022\/09\/LEA_152-768x1034.jpg 768w, https:\/\/lea-hoffmann.de\/wp-content\/uploads\/2022\/09\/LEA_152.jpg 842w\" sizes=\"auto, (max-width: 760px) 100vw, 760px\" \/><\/figure>\n\n\n\n<p><strong>\/\/deutsch\/\/<\/strong><\/p>\n\n\n\n<p>TANZAKROBATIK <\/p>\n\n\n\n<p>Beschreibung der Klasse:<br>In einer Woche Profitraining m\u00f6chte ich mit euch an der Verbindung zwischen bodenakrobatischen Elementen und zeitgen\u00f6ssischem Tanz arbeiten. Wie k\u00f6nnen wir unseren K\u00f6rper mit Hilfe unserer H\u00e4nde, Unterarme, K\u00f6pfe oder Knie durch den Raum bewegen und dabei unser t\u00e4nzerisches Ausdrucksverm\u00f6gen mitnehmen? Neben Floorwork-\u00dcbungen aus dem zeitgen\u00f6ssischen Tanz wird ein weiterer Fokus auf statischen und dynamischen Handstandvariationen und akrobatischen Elementen liegen, um mit mehr Leichtigkeit unseren K\u00f6rper auf komplexere Weise zu bewegen. Nach einer Aufw\u00e4rmung ist jeder Tag in improvisatorische \u00dcbungen, Tanz- und Bodenakrobatik-Technik, sowie in choreografische Arbeit eingeteilt.<\/p>\n\n\n\n<p>Termine:<\/p>\n\n\n\n<p>26.05.2025 &#8211; 30.05.2025, 10:00-11:30 Uhr<\/p>\n\n\n\n<p>18.03.2024 &#8211; 22.03.2024, 10:00 \u2013 11:30 Uhr<\/p>\n\n\n\n<p>Tanzplattform Leipzig<br>Erich-Zeigner-Allee 64e, 04229 Leipzig<\/p>\n","protected":false},"excerpt":{"rendered":"","protected":false},"author":1,"featured_media":0,"parent":781,"menu_order":0,"comment_status":"closed","ping_status":"closed","template":"","meta":{"footnotes":""},"class_list":["post-1562","page","type-page","status-publish","hentry"],"_links":{"self":[{"href":"https:\/\/lea-hoffmann.de\/index.php\/wp-json\/wp\/v2\/pages\/1562","targetHints":{"allow":["GET"]}}],"collection":[{"href":"https:\/\/lea-hoffmann.de\/index.php\/wp-json\/wp\/v2\/pages"}],"about":[{"href":"https:\/\/lea-hoffmann.de\/index.php\/wp-json\/wp\/v2\/types\/page"}],"author":[{"embeddable":true,"href":"https:\/\/lea-hoffmann.de\/index.php\/wp-json\/wp\/v2\/users\/1"}],"replies":[{"embeddable":true,"href":"https:\/\/lea-hoffmann.de\/index.php\/wp-json\/wp\/v2\/comments?post=1562"}],"version-history":[{"count":1,"href":"https:\/\/lea-hoffmann.de\/index.php\/wp-json\/wp\/v2\/pages\/1562\/revisions"}],"predecessor-version":[{"id":1563,"href":"https:\/\/lea-hoffmann.de\/index.php\/wp-json\/wp\/v2\/pages\/1562\/revisions\/1563"}],"up":[{"embeddable":true,"href":"https:\/\/lea-hoffmann.de\/index.php\/wp-json\/wp\/v2\/pages\/781"}],"wp:attachment":[{"href":"https:\/\/lea-hoffmann.de\/index.php\/wp-json\/wp\/v2\/media?parent=1562"}],"curies":[{"name":"wp","href":"https:\/\/api.w.org\/{rel}","templated":true}]}}