{"id":278,"date":"2018-06-04T15:36:47","date_gmt":"2018-06-04T13:36:47","guid":{"rendered":"http:\/\/lea-hoffmann.de\/?page_id=278"},"modified":"2025-12-04T20:05:20","modified_gmt":"2025-12-04T19:05:20","slug":"278-2","status":"publish","type":"page","link":"https:\/\/lea-hoffmann.de\/index.php\/leas-seite\/278-2\/","title":{"rendered":"IMPRESSUM"},"content":{"rendered":"<h2>BETREIBER*IN:<\/h2>\n<p><strong>Lea Hoffmann<\/strong><br \/><strong>lea.hoffmann[at]posteo.de<\/strong><\/p>\n<hr class=\"symple-divider solid \" \/>\n<h2>\u00a0<\/h2>\n<p><strong>Falls nicht anders ausgewiesen, ist jedes Foto, Video und jeder Text auf dieser Seite Eigentum von Lea Hoffmann. Jede unautorisierte Nutzung ist verboten.\u00a0<\/strong><\/p>\n<p>Falls Sie ein Foto f\u00fcr Werbezwecke benutzen m\u00f6chten, fragen Sie bitte vorab und verlinken Sie diese zu www.lea-hoffmann.de \u2013 Vielen Dank!<\/p>\n<h4>Photo and video credits:<\/h4>\n<p><strong>Photos: <\/strong>Talisa Frenschkowski, Turlach O\u00b4Broin Photography, Jette Stolte Photography, Lea Hoffmann, Lennart Neuhaus, Johann Taillebois, Eva Eyrich<\/p>\n<p><strong>Videos:<\/strong> Horst Nonnenmacher,\u00a0 Christian Urlich, Hannah Rumstedt, Gerard Isoldi, Faris Saleh, Eva Eyrich<\/p>\n<p>The person you are calling: photos und video:<strong> Eva Eyrich<\/strong><\/p>\n<p class=\"symple-divider solid \">Solo Performances: Wenn mein Verstand greifen k\u00f6nnte Photo <strong>Turlach O Broin Photography + <\/strong>Trailer\u00a0\u00a0 <strong>Hannah Rumstedt<\/strong><\/p>\n<p>Group projects: ResisTANZ: Videos<strong>: Lea Hoffmann<\/strong><\/p>\n<p>Improvisation: Videos: <strong>Kaya Frank, Lea Hoffmann, Horst Nonnenmacher,\u00a0 Christian Urlich<\/strong><\/p>\n<p>Teaching: Photos: <strong>Jette Stolte Photography<\/strong><\/p>\n<p>Performing for Feminism: Photo: <strong>Lori<\/strong><\/p>\n<p>Info: Photo: <strong>Turlach O\u00b4Broin<\/strong><\/p>\n<hr class=\"symple-divider solid \" \/>\n<div class=\"template-page content av-content-full alpha units\">\n<div class=\"post-entry post-entry-type-page post-entry-12447\">\n<div class=\"entry-content-wrapper clearfix\">\n<div class=\"flex_column av_three_fifth no_margin flex_column_div first avia-builder-el-2 el_after_av_section el_before_av_two_fifth avia-builder-el-first \">\n<section class=\"av_textblock_section \">\n<div class=\"avia_textblock \">\n<div id=\"generatorPreviewWrapper\">\n<div id=\"generatorPreview\">\u00a0<\/div>\n<\/div>\n<\/div>\n<\/section>\n<\/div>\n<\/div>\n<\/div>\n<\/div>\n<p><strong>Haftung f\u00fcr Inhalte<\/strong><\/p>\n<p>Die Inhalte unserer Seiten wurden mit gr\u00f6\u00dfter Sorgfalt erstellt. F\u00fcr die Richtigkeit, Vollst\u00e4ndigkeit und Aktualit\u00e4t der Inhalte k\u00f6nnen wir jedoch keine Gew\u00e4hr \u00fcbernehmen. Als Diensteanbieter sind wir gem\u00e4\u00df \u00a7 7 Abs.1 TMG f\u00fcr eigene Inhalte auf diesen Seiten nach den allgemeinen Gesetzen verantwortlich. Nach \u00a7\u00a7 8 bis 10 TMG sind wir als Diensteanbieter jedoch nicht verpflichtet, \u00fcbermittelte oder gespeicherte fremde Informationen zu \u00fcberwachen oder nach Umst\u00e4nden zu forschen, die auf eine rechtswidrige T\u00e4tigkeit hinweisen. Verpflichtungen zur Entfernung oder Sperrung der Nutzung von Informationen nach den allgemeinen Gesetzen bleiben hiervon unber\u00fchrt. Eine diesbez\u00fcgliche Haftung ist jedoch erst ab dem Zeitpunkt der Kenntnis einer konkreten Rechtsverletzung m\u00f6glich. Bei Bekanntwerden von entsprechenden Rechtsverletzungen werden wir diese Inhalte umgehend entfernen.<\/p>\n<p><strong>Haftung f\u00fcr Links<\/strong><\/p>\n<p>Unser Angebot enth\u00e4lt Links zu externen Webseiten Dritter, auf deren Inhalte wir keinen Einfluss haben. Deshalb k\u00f6nnen wir f\u00fcr diese fremden Inhalte auch keine Gew\u00e4hr \u00fcbernehmen. F\u00fcr die Inhalte der verlinkten Seiten ist stets der jeweilige Anbieter oder Betreiber der Seiten verantwortlich. Die verlinkten Seiten wurden zum Zeitpunkt der Verlinkung auf m\u00f6gliche Rechtsverst\u00f6\u00dfe \u00fcberpr\u00fcft. Rechtswidrige Inhalte waren zum Zeitpunkt der Verlinkung nicht erkennbar. Eine permanente inhaltliche Kontrolle der verlinkten Seiten ist jedoch ohne konkrete Anhaltspunkte einer Rechtsverletzung nicht zumutbar. Bei Bekanntwerden von Rechtsverletzungen werden wir derartige Links umgehend entfernen.<\/p>\n<p><strong>Urheberrecht<\/strong><\/p>\n<p>Die durch die Seitenbetreiber erstellten Inhalte und Werke auf diesen Seiten unterliegen dem deutschen Urheberrecht. Die Vervielf\u00e4ltigung, Bearbeitung, Verbreitung und jede Art der Verwertung au\u00dferhalb der Grenzen des Urheberrechtes bed\u00fcrfen der schriftlichen Zustimmung des jeweiligen Autors bzw. Erstellers. Downloads und Kopien dieser Seite sind nur f\u00fcr den privaten, nicht kommerziellen Gebrauch gestattet. Soweit die Inhalte auf dieser Seite nicht vom Betreiber erstellt wurden, werden die Urheberrechte Dritter beachtet. Insbesondere werden Inhalte Dritter als solche gekennzeichnet. Sollten Sie trotzdem auf eine Urheberrechtsverletzung aufmerksam werden, bitten wir um einen entsprechenden Hinweis. Bei Bekanntwerden von Rechtsverletzungen werden wir derartige Inhalte umgehend entfernen.<\/p>\n<p><strong>SPAM-Verbot<\/strong><\/p>\n<p>Die Nutzung der im Rahmen des Impressums oder vergleichbarer Angaben ver\u00f6ffentlichten Kontaktdaten wie Postanschriften, Telefon- und Faxnummern sowie E-Mail-Adressen durch Dritte zur \u00dcbersendung von nicht ausdr\u00fccklich angeforderten Informationen ist nicht gestattet.<\/p>\n<p><strong>Keine Abmahnung ohne vorherigen Kontakt<\/strong><\/p>\n<p>Sofern der Eindruck entsteht, dass auf dieser Webseite m\u00f6glicherweise Schutzrechte verletzt werden, d. h. gegen fremde Marken- oder Urheberrechte versto\u00dfen wird, werden Sie gebeten, dies umgehend\u00a0den Betreibern mitzuteilen. Es wird dann nach Pr\u00fcfung die beanstandete Passage gel\u00f6scht oder abge\u00e4ndert werden.<\/p>\n<p>Eine anwaltliche Abmahnung zur Beanstandung der Schutzrechtsverletzung ist nicht notwendig und die damit verbundenen Kosten werden nicht erstattet.<\/p>\n<p>Auf Grund der zuvor gemachten Zusage besteht keine Veranlassung, mit Hilfe eines Anwalts die Verletzung fremder Rechte zu r\u00fcgen. Es fehlt an einem entsprechenden Rechtsschutzbed\u00fcrfnis.<\/p>\n<p>Sollte dennoch ohne vorherige Kontaktaufnahme eine anwaltliche Abmahnung erfolgen, haben Sie die damit verbundenen Kosten allein zu tragen.<\/p>\n\n\n<p><\/p>\n","protected":false},"excerpt":{"rendered":"","protected":false},"author":1,"featured_media":0,"parent":4,"menu_order":3,"comment_status":"closed","ping_status":"closed","template":"","meta":{"footnotes":""},"class_list":["post-278","page","type-page","status-publish","hentry"],"_links":{"self":[{"href":"https:\/\/lea-hoffmann.de\/index.php\/wp-json\/wp\/v2\/pages\/278","targetHints":{"allow":["GET"]}}],"collection":[{"href":"https:\/\/lea-hoffmann.de\/index.php\/wp-json\/wp\/v2\/pages"}],"about":[{"href":"https:\/\/lea-hoffmann.de\/index.php\/wp-json\/wp\/v2\/types\/page"}],"author":[{"embeddable":true,"href":"https:\/\/lea-hoffmann.de\/index.php\/wp-json\/wp\/v2\/users\/1"}],"replies":[{"embeddable":true,"href":"https:\/\/lea-hoffmann.de\/index.php\/wp-json\/wp\/v2\/comments?post=278"}],"version-history":[{"count":19,"href":"https:\/\/lea-hoffmann.de\/index.php\/wp-json\/wp\/v2\/pages\/278\/revisions"}],"predecessor-version":[{"id":1566,"href":"https:\/\/lea-hoffmann.de\/index.php\/wp-json\/wp\/v2\/pages\/278\/revisions\/1566"}],"up":[{"embeddable":true,"href":"https:\/\/lea-hoffmann.de\/index.php\/wp-json\/wp\/v2\/pages\/4"}],"wp:attachment":[{"href":"https:\/\/lea-hoffmann.de\/index.php\/wp-json\/wp\/v2\/media?parent=278"}],"curies":[{"name":"wp","href":"https:\/\/api.w.org\/{rel}","templated":true}]}}