{"id":832,"date":"2021-11-25T12:04:04","date_gmt":"2021-11-25T11:04:04","guid":{"rendered":"https:\/\/lea-hoffmann.de\/?page_id=832"},"modified":"2025-09-02T16:30:21","modified_gmt":"2025-09-02T14:30:21","slug":"resistanz","status":"publish","type":"page","link":"https:\/\/lea-hoffmann.de\/index.php\/resistanz\/","title":{"rendered":"ResisTANZ \/ since 2021"},"content":{"rendered":"\n<p><\/p>\n\n\n\n<div class=\"wp-block-media-text alignwide is-stacked-on-mobile\"><figure class=\"wp-block-media-text__media\"><img loading=\"lazy\" decoding=\"async\" width=\"724\" height=\"1024\" src=\"https:\/\/lea-hoffmann.de\/wp-content\/uploads\/2024\/10\/mondstein_ResisTANZ-1-724x1024.png\" alt=\"\" class=\"wp-image-1411 size-full\" srcset=\"https:\/\/lea-hoffmann.de\/wp-content\/uploads\/2024\/10\/mondstein_ResisTANZ-1-724x1024.png 724w, https:\/\/lea-hoffmann.de\/wp-content\/uploads\/2024\/10\/mondstein_ResisTANZ-1-212x300.png 212w, https:\/\/lea-hoffmann.de\/wp-content\/uploads\/2024\/10\/mondstein_ResisTANZ-1-768x1086.png 768w, https:\/\/lea-hoffmann.de\/wp-content\/uploads\/2024\/10\/mondstein_ResisTANZ-1-1086x1536.png 1086w, https:\/\/lea-hoffmann.de\/wp-content\/uploads\/2024\/10\/mondstein_ResisTANZ-1-1448x2048.png 1448w\" sizes=\"auto, (max-width: 724px) 100vw, 724px\" \/><\/figure><div class=\"wp-block-media-text__content\">\n<p class=\"has-large-font-size\">2nd video of <strong><em>ResisTANZ <\/em><\/strong><em><strong>202<\/strong><\/em><strong><em>4<\/em><\/strong><\/p>\n\n\n\n<p class=\"has-large-font-size\">22nd of October<\/p>\n\n\n\n<p class=\"has-large-font-size\">watch <strong><em>mondstein<\/em><\/strong> below!<\/p>\n<\/div><\/div>\n\n\n\n<p><\/p>\n\n\n\n<div class=\"wp-block-media-text alignwide is-stacked-on-mobile\"><figure class=\"wp-block-media-text__media\"><img loading=\"lazy\" decoding=\"async\" width=\"722\" height=\"1024\" src=\"https:\/\/lea-hoffmann.de\/wp-content\/uploads\/2024\/01\/schwebe-722x1024.jpg\" alt=\"\" class=\"wp-image-1301 size-full\" srcset=\"https:\/\/lea-hoffmann.de\/wp-content\/uploads\/2024\/01\/schwebe-722x1024.jpg 722w, https:\/\/lea-hoffmann.de\/wp-content\/uploads\/2024\/01\/schwebe-211x300.jpg 211w, https:\/\/lea-hoffmann.de\/wp-content\/uploads\/2024\/01\/schwebe-768x1090.jpg 768w, https:\/\/lea-hoffmann.de\/wp-content\/uploads\/2024\/01\/schwebe.jpg 902w\" sizes=\"auto, (max-width: 722px) 100vw, 722px\" \/><\/figure><div class=\"wp-block-media-text__content\">\n<p class=\"has-large-font-size\">1st video of <strong><em>ResisTANZ <\/em><\/strong><em><strong>202<\/strong><\/em><strong><em>4<\/em><\/strong><\/p>\n\n\n\n<p class=\"has-large-font-size\">12th of January<\/p>\n\n\n\n<p class=\"has-large-font-size\">watch<strong> <em>schwebe<\/em> <\/strong>below!<\/p>\n<\/div><\/div>\n\n\n\n<p><strong>\/\/english\/\/<\/strong> (german below)<\/p>\n\n\n\n<p><strong><em>ResisTANZ<\/em><\/strong> is a <strong>participatory dance video project<\/strong> that processes sexualised violence through dance and sound.<br>Each video is the outcome of a process that involved several steps of sharing and communication \u2013 and it culminates in a video as a communication towards an unknown public: by showing a way of empowerment through dance.<br>The very individual <strong>body memory<\/strong> of each participating person in the context of sexualised violence gets expressed by a dance improvisation.<br>The dance, the <strong>choice of space<\/strong> and the creation of a <strong>soundscape<\/strong> are building their personal <strong>transformation space<\/strong> \u2013 in form of a short video.<br>It may seem like an individual fight, but it is much more than that. It is the talk of bodies that got abused and that did not experience justice. Not in history and even not now. With ResisTANZ one person dances for many persons.<br>Since <strong><em>ResisTANZ 2024<\/em><\/strong> we want to work especially with people that experience discrimitaion in several ways. That is why we want to invite people that are discrimitated and oppressed because of their identity that questions our patriachalistic-capitalistic system in many ways. Professional dance experience is not required!<br>If you are interested in working with us,<strong> <\/strong>please<strong> contact me: lea.hoffmann(at)posteo.de<\/strong><\/p>\n\n\n\n<p>About the team:<\/p>\n\n\n\n<p>We are a group of one dancer, two musicians and one graphic designer whos aim is to enhance communication, consciousness and self-empowerment after the experiences of sexualised violence. We hope to encourage each other to keep on moving &#8211; personally, artisticly and politically.<\/p>\n\n\n\n<p><\/p>\n\n\n\n<p><strong>\/\/deutsch\/\/<\/strong><br><strong><em>ResisTANZ<\/em><\/strong> ist ein <strong>partizipatives Tanzvideo-Projekt<\/strong>, das sexualisierte Gewalt t\u00e4nzerisch und akustisch verarbeitet.<br>Jedes Video ist das Resultat aus einem Prozess, der verschiedene Schritte der Kommunikation beinhaltet und darin gipfelt in Form eines Videos eine weitere Kommunikationsebene herzustellen: zu einer unbekannten \u00d6ffentlichkeit \u2013 und dies durch die t\u00e4nzerische Selbsterm\u00e4chtigung.<br>Die tanzende Person l\u00e4sst in einer kurzen Improvisation ihr pers\u00f6nliches <strong>K\u00f6rperged\u00e4chtnis<\/strong> in Bezug auf ihre Erfahrungen mit sexualisierter Gewalt sprechen.<br>Das Zusammenwirken von dem <strong>Tanz, der Wahl des Ortes,<\/strong> sowie die dazu erarbeitete<strong> Tonlandschaft <\/strong>lassen einen pers\u00f6nlichen <strong>Transformationsort<\/strong> entstehen.<br>Es scheint ein individueller Kampf zu sein, doch es geht um mehr als das: um den Ausdruck des K\u00f6rpers, der missbraucht wurde und keine Gerechtigkeit erf\u00e4hrt. Ein K\u00f6rper tanzt f\u00fcr viele K\u00f6rper.<br>Seit <strong><em>ResisTANZ 2024 <\/em><\/strong>m\u00f6chten wir besonders Personen zu einer Zusammenarbeit einladen, deren Identit\u00e4t unser partriarchal-kapitalistisches Wertesystem mehrfach infrage stellt, und aufgrund dessen von Diskriminierung und Unterdr\u00fcckung betroffen sind.<br>Tanzerfahrungen sind keine Voraussetzung f\u00fcr die Partizipation, da sich jeder Mensch \u00fcber den eigenen K\u00f6rper auf die ganz eigene Art ausdr\u00fccken kann.<br>Falls du dich angesprochen f\u00fchlt und Lust hast, ein <em>ResisTANZ<\/em> Video zu kreieren oder anders mit uns zusammen zu arbeiten, dann freue ich mich \u00fcber deine Kontaktaufnahme!<\/p>\n\n\n\n<figure class=\"wp-block-embed is-type-video is-provider-vimeo wp-block-embed-vimeo wp-embed-aspect-16-9 wp-has-aspect-ratio\"><div class=\"wp-block-embed__wrapper\">\n<iframe loading=\"lazy\" title=\"ResisTANZ 2021-2022\" src=\"https:\/\/player.vimeo.com\/video\/805445072?dnt=1&amp;app_id=122963\" width=\"840\" height=\"473\" frameborder=\"0\" allow=\"autoplay; fullscreen; picture-in-picture; clipboard-write; encrypted-media\"><\/iframe>\n<\/div><\/figure>\n\n\n\n<div class=\"wp-block-media-text alignwide is-stacked-on-mobile\"><figure class=\"wp-block-media-text__media\"><img loading=\"lazy\" decoding=\"async\" width=\"722\" height=\"1024\" src=\"https:\/\/lea-hoffmann.de\/wp-content\/uploads\/2022\/10\/stamm_digital-722x1024.jpg\" alt=\"\" class=\"wp-image-1096 size-full\" srcset=\"https:\/\/lea-hoffmann.de\/wp-content\/uploads\/2022\/10\/stamm_digital-722x1024.jpg 722w, https:\/\/lea-hoffmann.de\/wp-content\/uploads\/2022\/10\/stamm_digital-211x300.jpg 211w, https:\/\/lea-hoffmann.de\/wp-content\/uploads\/2022\/10\/stamm_digital-768x1090.jpg 768w, https:\/\/lea-hoffmann.de\/wp-content\/uploads\/2022\/10\/stamm_digital.jpg 902w\" sizes=\"auto, (max-width: 722px) 100vw, 722px\" \/><\/figure><div class=\"wp-block-media-text__content\">\n<p class=\"has-large-font-size\">4th video of <strong><em>ResisTanz <\/em><\/strong><em><strong>2022<\/strong><\/em><\/p>\n\n\n\n<p class=\"has-large-font-size\">8th of October<\/p>\n\n\n\n<p class=\"has-large-font-size\">watch<strong> <em>stamm<\/em> <\/strong>below!<\/p>\n<\/div><\/div>\n\n\n\n<p><\/p>\n\n\n\n<div class=\"wp-block-media-text alignwide is-stacked-on-mobile\"><figure class=\"wp-block-media-text__media\"><img loading=\"lazy\" decoding=\"async\" width=\"722\" height=\"1024\" src=\"https:\/\/lea-hoffmann.de\/wp-content\/uploads\/2022\/07\/RESISTANZ8JULI-722x1024.jpg\" alt=\"\" class=\"wp-image-1057 size-full\" srcset=\"https:\/\/lea-hoffmann.de\/wp-content\/uploads\/2022\/07\/RESISTANZ8JULI-722x1024.jpg 722w, https:\/\/lea-hoffmann.de\/wp-content\/uploads\/2022\/07\/RESISTANZ8JULI-211x300.jpg 211w, https:\/\/lea-hoffmann.de\/wp-content\/uploads\/2022\/07\/RESISTANZ8JULI-768x1090.jpg 768w, https:\/\/lea-hoffmann.de\/wp-content\/uploads\/2022\/07\/RESISTANZ8JULI-1083x1536.jpg 1083w, https:\/\/lea-hoffmann.de\/wp-content\/uploads\/2022\/07\/RESISTANZ8JULI-1444x2048.jpg 1444w, https:\/\/lea-hoffmann.de\/wp-content\/uploads\/2022\/07\/RESISTANZ8JULI-scaled.jpg 1804w\" sizes=\"auto, (max-width: 722px) 100vw, 722px\" \/><\/figure><div class=\"wp-block-media-text__content\">\n<p class=\"has-large-font-size\">3rd video of <strong><em>ResisTanz<\/em> 2022<\/strong> <\/p>\n\n\n\n<p class=\"has-large-font-size\">8th ofJuly <\/p>\n\n\n\n<p class=\"has-large-font-size\">watch<strong> <em>cemento<\/em> <\/strong>below!<\/p>\n<\/div><\/div>\n\n\n\n<p><\/p>\n\n\n\n<div class=\"wp-block-media-text alignwide is-stacked-on-mobile\"><figure class=\"wp-block-media-text__media\"><img loading=\"lazy\" decoding=\"async\" width=\"722\" height=\"1024\" src=\"https:\/\/lea-hoffmann.de\/wp-content\/uploads\/2022\/05\/RESISTANZ10MAI3-722x1024.jpg\" alt=\"\" class=\"wp-image-979 size-full\" srcset=\"https:\/\/lea-hoffmann.de\/wp-content\/uploads\/2022\/05\/RESISTANZ10MAI3-722x1024.jpg 722w, https:\/\/lea-hoffmann.de\/wp-content\/uploads\/2022\/05\/RESISTANZ10MAI3-211x300.jpg 211w, https:\/\/lea-hoffmann.de\/wp-content\/uploads\/2022\/05\/RESISTANZ10MAI3-768x1090.jpg 768w, https:\/\/lea-hoffmann.de\/wp-content\/uploads\/2022\/05\/RESISTANZ10MAI3-1083x1536.jpg 1083w, https:\/\/lea-hoffmann.de\/wp-content\/uploads\/2022\/05\/RESISTANZ10MAI3-1444x2048.jpg 1444w, https:\/\/lea-hoffmann.de\/wp-content\/uploads\/2022\/05\/RESISTANZ10MAI3-scaled.jpg 1804w\" sizes=\"auto, (max-width: 722px) 100vw, 722px\" \/><\/figure><div class=\"wp-block-media-text__content\">\n<p class=\"has-large-font-size\">2nd video of <strong><em>ResisTanz<\/em> 2022<\/strong><\/p>\n\n\n\n<p class=\"has-large-font-size\">10th of May<\/p>\n\n\n\n<p class=\"has-large-font-size\">watch<strong> <em>kindheitsort <\/em><\/strong>below! <\/p>\n<\/div><\/div>\n\n\n\n<p><\/p>\n\n\n\n<div class=\"wp-block-media-text alignwide is-stacked-on-mobile\"><figure class=\"wp-block-media-text__media\"><img loading=\"lazy\" decoding=\"async\" width=\"722\" height=\"1024\" src=\"http:\/\/lea-hoffmann.de\/wp-content\/uploads\/2022\/04\/ResisTanz_nullpunkt-722x1024.jpg\" alt=\"\" class=\"wp-image-969 size-full\" srcset=\"https:\/\/lea-hoffmann.de\/wp-content\/uploads\/2022\/04\/ResisTanz_nullpunkt-722x1024.jpg 722w, https:\/\/lea-hoffmann.de\/wp-content\/uploads\/2022\/04\/ResisTanz_nullpunkt-211x300.jpg 211w, https:\/\/lea-hoffmann.de\/wp-content\/uploads\/2022\/04\/ResisTanz_nullpunkt-768x1090.jpg 768w, https:\/\/lea-hoffmann.de\/wp-content\/uploads\/2022\/04\/ResisTanz_nullpunkt-1083x1536.jpg 1083w, https:\/\/lea-hoffmann.de\/wp-content\/uploads\/2022\/04\/ResisTanz_nullpunkt-1444x2048.jpg 1444w, https:\/\/lea-hoffmann.de\/wp-content\/uploads\/2022\/04\/ResisTanz_nullpunkt.jpg 1748w\" sizes=\"auto, (max-width: 722px) 100vw, 722px\" \/><\/figure><div class=\"wp-block-media-text__content\">\n<p class=\"has-large-font-size\"><strong>International feminist day 2022<\/strong> first video publishing of <strong><em>ResisTanz<\/em><\/strong> 2022! <\/p>\n\n\n\n<p class=\"has-large-font-size\">watch <em><strong>nullpunkt<\/strong> <\/em>below<\/p>\n<\/div><\/div>\n\n\n\n<p><\/p>\n\n\n\n<figure class=\"wp-block-embed is-type-video is-provider-vimeo wp-block-embed-vimeo wp-embed-aspect-16-9 wp-has-aspect-ratio\"><div class=\"wp-block-embed__wrapper\">\n<iframe loading=\"lazy\" title=\"mondstein\" src=\"https:\/\/player.vimeo.com\/video\/1019891370?dnt=1&amp;app_id=122963\" width=\"840\" height=\"473\" frameborder=\"0\" allow=\"autoplay; fullscreen; picture-in-picture; clipboard-write; encrypted-media\"><\/iframe>\n<\/div><\/figure>\n\n\n\n<figure class=\"wp-block-embed is-type-video is-provider-vimeo wp-block-embed-vimeo wp-embed-aspect-16-9 wp-has-aspect-ratio\"><div class=\"wp-block-embed__wrapper\">\n<iframe loading=\"lazy\" title=\"schwebe\" src=\"https:\/\/player.vimeo.com\/video\/902209986?dnt=1&amp;app_id=122963\" width=\"840\" height=\"473\" frameborder=\"0\" allow=\"autoplay; fullscreen; picture-in-picture; clipboard-write; encrypted-media\"><\/iframe>\n<\/div><\/figure>\n\n\n\n<figure class=\"wp-block-embed is-type-video is-provider-vimeo wp-block-embed-vimeo wp-embed-aspect-16-9 wp-has-aspect-ratio\"><div class=\"wp-block-embed__wrapper\">\n<iframe loading=\"lazy\" title=\"stamm\" src=\"https:\/\/player.vimeo.com\/video\/758012438?dnt=1&amp;app_id=122963\" width=\"840\" height=\"473\" frameborder=\"0\" allow=\"autoplay; fullscreen; picture-in-picture; clipboard-write; encrypted-media\"><\/iframe>\n<\/div><\/figure>\n\n\n\n<p><\/p>\n\n\n\n<figure class=\"wp-block-embed is-type-video is-provider-vimeo wp-block-embed-vimeo wp-embed-aspect-16-9 wp-has-aspect-ratio\"><div class=\"wp-block-embed__wrapper\">\n<iframe loading=\"lazy\" title=\"cemento\" src=\"https:\/\/player.vimeo.com\/video\/727909046?dnt=1&amp;app_id=122963\" width=\"840\" height=\"473\" frameborder=\"0\" allow=\"autoplay; fullscreen; picture-in-picture; clipboard-write; encrypted-media\"><\/iframe>\n<\/div><\/figure>\n\n\n\n<figure class=\"wp-block-embed is-type-video is-provider-vimeo wp-block-embed-vimeo wp-embed-aspect-16-9 wp-has-aspect-ratio\"><div class=\"wp-block-embed__wrapper\">\n<iframe loading=\"lazy\" title=\"kindheitsort\" src=\"https:\/\/player.vimeo.com\/video\/708165014?dnt=1&amp;app_id=122963\" width=\"840\" height=\"473\" frameborder=\"0\" allow=\"autoplay; fullscreen; picture-in-picture; clipboard-write; encrypted-media\"><\/iframe>\n<\/div><\/figure>\n\n\n\n<figure class=\"wp-block-embed is-type-video is-provider-vimeo wp-block-embed-vimeo wp-embed-aspect-16-9 wp-has-aspect-ratio\"><div class=\"wp-block-embed__wrapper\">\n<iframe loading=\"lazy\" title=\"nullpunkt\" src=\"https:\/\/player.vimeo.com\/video\/685156272?dnt=1&amp;app_id=122963\" width=\"840\" height=\"473\" frameborder=\"0\" allow=\"autoplay; fullscreen; picture-in-picture; clipboard-write; encrypted-media\"><\/iframe>\n<\/div><\/figure>\n\n\n\n<p>The first three ResisTanz videos <strong>t\u00fcmpel im auwald<\/strong>, <strong>hektar<\/strong> and <strong>aire<\/strong> were published in December 2021 as a starting point to the long term project in 2022:<\/p>\n\n\n\n<figure class=\"wp-block-embed is-type-video is-provider-vimeo wp-block-embed-vimeo wp-embed-aspect-16-9 wp-has-aspect-ratio\"><div class=\"wp-block-embed__wrapper\">\n<iframe loading=\"lazy\" title=\"t\u00fcmpel im auwald\" src=\"https:\/\/player.vimeo.com\/video\/658269815?dnt=1&amp;app_id=122963\" width=\"840\" height=\"473\" frameborder=\"0\" allow=\"autoplay; fullscreen; picture-in-picture; clipboard-write; encrypted-media\"><\/iframe>\n<\/div><\/figure>\n\n\n\n<figure class=\"wp-block-embed is-type-video is-provider-vimeo wp-block-embed-vimeo wp-embed-aspect-16-9 wp-has-aspect-ratio\"><div class=\"wp-block-embed__wrapper\">\n<iframe loading=\"lazy\" title=\"hektar\" src=\"https:\/\/player.vimeo.com\/video\/658270541?dnt=1&amp;app_id=122963\" width=\"840\" height=\"473\" frameborder=\"0\" allow=\"autoplay; fullscreen; picture-in-picture; clipboard-write; encrypted-media\"><\/iframe>\n<\/div><\/figure>\n\n\n\n<figure class=\"wp-block-embed is-type-video is-provider-vimeo wp-block-embed-vimeo wp-embed-aspect-16-9 wp-has-aspect-ratio\"><div class=\"wp-block-embed__wrapper\">\n<iframe loading=\"lazy\" title=\"aire\" src=\"https:\/\/player.vimeo.com\/video\/659031560?dnt=1&amp;app_id=122963\" width=\"840\" height=\"473\" frameborder=\"0\" allow=\"autoplay; fullscreen; picture-in-picture; clipboard-write; encrypted-media\"><\/iframe>\n<\/div><\/figure>\n\n\n\n<p><\/p>\n\n\n\n<p><em><strong>ResisTanz 2021<\/strong><\/em> was financially supportet by StuRa HMT and Studierendenwerk Leipzig Kulturf\u00f6rderung<\/p>\n\n\n\n<figure class=\"wp-block-image is-resized\"><img loading=\"lazy\" decoding=\"async\" src=\"https:\/\/external-content.duckduckgo.com\/iu\/?u=https%3A%2F%2Ftse4.mm.bing.net%2Fth%3Fid%3DOIP.RMXithDhflXs4QXcE8I-nAHaHa%26pid%3DApi&amp;f=1\" alt=\"\" width=\"151\" height=\"151\"\/><\/figure>\n\n\n\n<p><strong>ResisTanz cooperates with:<\/strong><\/p>\n\n\n\n<p><strong>poster and flyer by Giulia Cabassi<\/strong><\/p>\n\n\n\n<p><a href=\"https:\/\/www.instagram.com\/giuliacbss\/\">https:\/\/www.instagram.com\/giuliacbss\/<\/a><\/p>\n\n\n\n<p><strong>sounddesign by L\u00e9o Marchand &amp; Lise Sutter<\/strong><\/p>\n","protected":false},"excerpt":{"rendered":"","protected":false},"author":1,"featured_media":0,"parent":0,"menu_order":0,"comment_status":"closed","ping_status":"closed","template":"","meta":{"footnotes":""},"class_list":["post-832","page","type-page","status-publish","hentry"],"_links":{"self":[{"href":"https:\/\/lea-hoffmann.de\/index.php\/wp-json\/wp\/v2\/pages\/832","targetHints":{"allow":["GET"]}}],"collection":[{"href":"https:\/\/lea-hoffmann.de\/index.php\/wp-json\/wp\/v2\/pages"}],"about":[{"href":"https:\/\/lea-hoffmann.de\/index.php\/wp-json\/wp\/v2\/types\/page"}],"author":[{"embeddable":true,"href":"https:\/\/lea-hoffmann.de\/index.php\/wp-json\/wp\/v2\/users\/1"}],"replies":[{"embeddable":true,"href":"https:\/\/lea-hoffmann.de\/index.php\/wp-json\/wp\/v2\/comments?post=832"}],"version-history":[{"count":74,"href":"https:\/\/lea-hoffmann.de\/index.php\/wp-json\/wp\/v2\/pages\/832\/revisions"}],"predecessor-version":[{"id":1455,"href":"https:\/\/lea-hoffmann.de\/index.php\/wp-json\/wp\/v2\/pages\/832\/revisions\/1455"}],"wp:attachment":[{"href":"https:\/\/lea-hoffmann.de\/index.php\/wp-json\/wp\/v2\/media?parent=832"}],"curies":[{"name":"wp","href":"https:\/\/api.w.org\/{rel}","templated":true}]}}